{"id":11,"date":"2023-04-28T16:30:41","date_gmt":"2023-04-28T16:30:41","guid":{"rendered":"https:\/\/bernafreunde.ch\/?page_id=11"},"modified":"2023-04-28T17:10:48","modified_gmt":"2023-04-28T17:10:48","slug":"herzlich-willkommen","status":"publish","type":"page","link":"https:\/\/bernafreunde.ch\/","title":{"rendered":"Willkommen"},"content":{"rendered":"<p><span style=\"font-size: 18pt;\"><strong>Herzlich willkommen<\/strong><\/span><\/p>\n<p>Unser Verein \u201eBERNA FREUNDE Schweiz\u201c wurde am 14.November 2021 durch 12 Gr\u00fcndungsmitglieder ins Leben gerufen. Wir sind allesamt Sympathisanten, Fz-Besitzer, Mechaniker, Chauffeure oder Transportunternehmer die eine tiefere Beziehung zu BERNA haben.<\/p>\n<p>Unserer Meinung nach ging der Name BERNA zu fest unter in unserer heutigen,\u00a0 schnellebigen Zeit wenn nicht sogar fast ganz vergessen. Bevor dies der Fall ist wollen wir das \u00e4ndern.<\/p>\n<p>Wir haben uns zum Ziel gemacht, das Schaffen und die Werke von Joseph Wyssens gegr\u00fcndeter MOTORWAGENFABRIK BERNA AG in OLTEN wieder in Erinnerung zu rufen und zu verbreiten.<\/p>\n<p>Weiter wollen wir jedermann Zugang verschaffen zu technischen Unterlagen, Fotos, Prospekten, Ersatzteilen , Spezialwerkzeugen und vielem mehr \u00fcber diese Homepage.<br \/>\nNur so k\u00f6nnen jugendliche motiviert und unterst\u00fctzt werden, sich f\u00fcr BERNA zu interessieren, etwas zu erhalten und zu pflegen und schlussendlich der Nachwelt ein geb\u00fchrendes Erbe weitergeben.<\/p>\n<p>BERNA hat wesentliches in der industriellen Entwicklung geleistet und beigetragen, dies muss mit Stolz weitergegeben werden.<\/p>\n<p>Auch die Kameradschaft soll gepflegt werden, denkbar dass sich \u00fcber diese Seite viele alte Kamera\u00adden wiederfinden oder neue Freundschaften entwickeln.<\/p>\n<p>Schau Dich einfach um auf unserer Seite, falls unsere Aktivit\u00e4ten oder unsere Absicht Dich ansprechen, melde Dich ungeniert bei uns oder werde Mitglied im Verein.<\/p>\n<p>Hier kannst Du was bewegen.<\/p>\n<p>Viel Spass auf unserer Homepage.<\/p>\n","protected":false},"excerpt":{"rendered":"<p>Herzlich willkommen Unser Verein \u201eBERNA FREUNDE Schweiz\u201c wurde am 14.November 2021 durch 12 Gr\u00fcndungsmitglieder ins Leben gerufen. Wir sind allesamt Sympathisanten, Fz-Besitzer, Mechaniker, Chauffeure oder Transportunternehmer die eine tiefere Beziehung zu BERNA haben. Unserer Meinung nach ging der Name BERNA zu fest unter in unserer heutigen,\u00a0 schnellebigen Zeit wenn nicht sogar fast ganz vergessen. Bevor&hellip; <a class=\"more-link\" href=\"https:\/\/bernafreunde.ch\/\"><span class=\"screen-reader-text\">Willkommen<\/span> weiterlesen<\/a><\/p>\n","protected":false},"author":1,"featured_media":0,"parent":0,"menu_order":0,"comment_status":"closed","ping_status":"closed","template":"","meta":[],"_links":{"self":[{"href":"https:\/\/bernafreunde.ch\/index.php?rest_route=\/wp\/v2\/pages\/11"}],"collection":[{"href":"https:\/\/bernafreunde.ch\/index.php?rest_route=\/wp\/v2\/pages"}],"about":[{"href":"https:\/\/bernafreunde.ch\/index.php?rest_route=\/wp\/v2\/types\/page"}],"author":[{"embeddable":true,"href":"https:\/\/bernafreunde.ch\/index.php?rest_route=\/wp\/v2\/users\/1"}],"replies":[{"embeddable":true,"href":"https:\/\/bernafreunde.ch\/index.php?rest_route=%2Fwp%2Fv2%2Fcomments&post=11"}],"version-history":[{"count":4,"href":"https:\/\/bernafreunde.ch\/index.php?rest_route=\/wp\/v2\/pages\/11\/revisions"}],"predecessor-version":[{"id":58,"href":"https:\/\/bernafreunde.ch\/index.php?rest_route=\/wp\/v2\/pages\/11\/revisions\/58"}],"wp:attachment":[{"href":"https:\/\/bernafreunde.ch\/index.php?rest_route=%2Fwp%2Fv2%2Fmedia&parent=11"}],"curies":[{"name":"wp","href":"https:\/\/api.w.org\/{rel}","templated":true}]}}